{"id":2019,"date":"2024-06-12T20:08:23","date_gmt":"2024-06-12T18:08:23","guid":{"rendered":"https:\/\/jmsante.ca\/index.php\/tableau-de-bord-des-offres-demploi\/"},"modified":"2024-06-12T20:08:23","modified_gmt":"2024-06-12T18:08:23","slug":"tableau-de-bord-des-offres-demploi","status":"publish","type":"page","link":"https:\/\/jmsante.ca\/index.php\/tableau-de-bord-des-offres-demploi\/","title":{"rendered":"Tableau de bord des offres d\u2019emploi"},"content":{"rendered":"<div id=\"job-manager-job-dashboard\">\n\n\t<p class=\"account-sign-in\">Vous devez \u00eatre connect\u00e9 pour g\u00e9rer vos offres. <a class=\"button\" href=\"https:\/\/jmsante.ca\/wp-login.php?redirect_to=https%3A%2F%2Fjmsante.ca%2Findex.php%2Ftableau-de-bord-des-offres-demploi%2F\">Connectez-vous<\/a><\/p>\n\n<\/div>\n\n","protected":false},"excerpt":{"rendered":"","protected":false},"author":1,"featured_media":0,"parent":0,"menu_order":0,"comment_status":"closed","ping_status":"closed","template":"","meta":{"footnotes":""},"class_list":["post-2019","page","type-page","status-publish","hentry"],"_links":{"self":[{"href":"https:\/\/jmsante.ca\/index.php\/wp-json\/wp\/v2\/pages\/2019","targetHints":{"allow":["GET"]}}],"collection":[{"href":"https:\/\/jmsante.ca\/index.php\/wp-json\/wp\/v2\/pages"}],"about":[{"href":"https:\/\/jmsante.ca\/index.php\/wp-json\/wp\/v2\/types\/page"}],"author":[{"embeddable":true,"href":"https:\/\/jmsante.ca\/index.php\/wp-json\/wp\/v2\/users\/1"}],"replies":[{"embeddable":true,"href":"https:\/\/jmsante.ca\/index.php\/wp-json\/wp\/v2\/comments?post=2019"}],"version-history":[{"count":0,"href":"https:\/\/jmsante.ca\/index.php\/wp-json\/wp\/v2\/pages\/2019\/revisions"}],"wp:attachment":[{"href":"https:\/\/jmsante.ca\/index.php\/wp-json\/wp\/v2\/media?parent=2019"}],"curies":[{"name":"wp","href":"https:\/\/api.w.org\/{rel}","templated":true}]}}