{"id":1985,"date":"2024-05-30T17:37:59","date_gmt":"2024-05-30T15:37:59","guid":{"rendered":"https:\/\/jmsante.ca\/?page_id=1985"},"modified":"2024-05-30T18:13:54","modified_gmt":"2024-05-30T16:13:54","slug":"candidature","status":"publish","type":"page","link":"https:\/\/jmsante.ca\/index.php\/candidature\/","title":{"rendered":"Candidature"},"content":{"rendered":"\t\t<div data-elementor-type=\"wp-page\" data-elementor-id=\"1985\" class=\"elementor elementor-1985\">\n\t\t\t\t\t\t<section class=\"elementor-section elementor-top-section elementor-element elementor-element-ae41c91 elementor-section-boxed elementor-section-height-default elementor-section-height-default wpr-particle-no wpr-jarallax-no wpr-parallax-no wpr-sticky-section-no\" data-id=\"ae41c91\" data-element_type=\"section\" data-e-type=\"section\">\n\t\t\t\t\t\t<div class=\"elementor-container elementor-column-gap-custom\">\n\t\t\t\t\t<div class=\"elementor-column elementor-col-100 elementor-top-column elementor-element elementor-element-da7b676\" data-id=\"da7b676\" data-element_type=\"column\" data-e-type=\"column\">\n\t\t\t<div class=\"elementor-widget-wrap elementor-element-populated\">\n\t\t\t\t\t\t<div class=\"elementor-element elementor-element-b07c400 elementor-widget elementor-widget-wpforms\" data-id=\"b07c400\" data-element_type=\"widget\" data-e-type=\"widget\" data-widget_type=\"wpforms.default\">\n\t\t\t\t<div class=\"elementor-widget-container\">\n\t\t\t\t\t<div class=\"wpforms-container \" id=\"wpforms-1988\"><form id=\"wpforms-form-1988\" class=\"wpforms-validate wpforms-form wpforms-ajax-form\" data-formid=\"1988\" method=\"post\" enctype=\"multipart\/form-data\" action=\"\/index.php\/wp-json\/wp\/v2\/pages\/1985\" data-token=\"08af99584108d0962d64b25ceae3fe78\"><noscript class=\"wpforms-error-noscript\">Veuillez activer JavaScript dans votre navigateur pour remplir ce formulaire.<\/noscript><div class=\"wpforms-field-container\"><div id=\"wpforms-1988-field_0-container\" class=\"wpforms-field wpforms-field-name\" data-field-id=\"0\"><label class=\"wpforms-field-label\" for=\"wpforms-1988-field_0\">Nom <span class=\"wpforms-required-label\">*<\/span><\/label><div class=\"wpforms-field-row wpforms-field-medium\"><div class=\"wpforms-field-row-block wpforms-first wpforms-one-half\"><input type=\"text\" id=\"wpforms-1988-field_0\" class=\"wpforms-field-name-first wpforms-field-required\" name=\"wpforms[fields][0][first]\" required><label for=\"wpforms-1988-field_0\" class=\"wpforms-field-sublabel after \">Pr\u00e9nom<\/label><\/div><div class=\"wpforms-field-row-block wpforms-one-half\"><input type=\"text\" id=\"wpforms-1988-field_0-last\" class=\"wpforms-field-name-last wpforms-field-required\" name=\"wpforms[fields][0][last]\" required><label for=\"wpforms-1988-field_0-last\" class=\"wpforms-field-sublabel after \">Nom<\/label><\/div><\/div><\/div><div id=\"wpforms-1988-field_12-container\" class=\"wpforms-field wpforms-field-text\" data-field-id=\"12\"><label class=\"wpforms-field-label\" for=\"wpforms-1988-field_12\">T\u00e9l\u00e9phone <span class=\"wpforms-required-label\">*<\/span><\/label><input type=\"text\" id=\"wpforms-1988-field_12\" class=\"wpforms-field-small wpforms-field-required\" name=\"wpforms[fields][12]\" required><div class=\"wpforms-field-description\">Votre num\u00e9ro de t\u00e9l\u00e9phone<\/div><\/div><div id=\"wpforms-1988-field_14-container\" class=\"wpforms-field wpforms-field-text\" data-field-id=\"14\"><label class=\"wpforms-field-label\" for=\"wpforms-1988-field_14\">Courriel <span class=\"wpforms-required-label\">*<\/span><\/label><input type=\"text\" id=\"wpforms-1988-field_14\" class=\"wpforms-field-medium wpforms-field-required\" name=\"wpforms[fields][14]\" required><div class=\"wpforms-field-description\">Votre adresse email<\/div><\/div><div id=\"wpforms-1988-field_18-container\" class=\"wpforms-field wpforms-field-select wpforms-field-select-style-modern\" data-field-id=\"18\"><label class=\"wpforms-field-label\" for=\"wpforms-1988-field_18\">Liste d\u00e9roulante<\/label><select id=\"wpforms-1988-field_18\" class=\"wpforms-field-medium choicesjs-select\" data-size-class=\"wpforms-field-row wpforms-field-medium\" data-search-enabled=\"\" name=\"wpforms[fields][18]\"><option value=\"\" class=\"placeholder\" disabled  selected='selected'>Mont\u00e9r\u00e9gie<\/option><option value=\"Mont\u00e9r\u00e9gie\" >Mont\u00e9r\u00e9gie<\/option><option value=\"Qu\u00e9bec\" >Qu\u00e9bec<\/option><option value=\"Vigi\" >Vigi<\/option><option value=\"Laurentides\" >Laurentides<\/option><option value=\"Marcelle Ferron\" >Marcelle Ferron<\/option><\/select><\/div><\/div><div class=\"wpforms-submit-container\"><input type=\"hidden\" name=\"wpforms[id]\" value=\"1988\"><input type=\"hidden\" name=\"wpforms[author]\" value=\"1\"><button type=\"submit\" name=\"wpforms[submit]\" id=\"wpforms-submit-1988\" class=\"wpforms-submit\" data-alt-text=\"En cours d&#039;envoi...\" data-submit-text=\"SOUMETTRE\" aria-live=\"assertive\" value=\"wpforms-submit\">SOUMETTRE<\/button><img decoding=\"async\" src=\"https:\/\/jmsante.ca\/wp-content\/plugins\/wpforms-lite\/assets\/images\/submit-spin.svg\" class=\"wpforms-submit-spinner\" style=\"display: none;\" width=\"26\" height=\"26\" alt=\"Chargement en cours\"><\/div><\/form><\/div>  <!-- .wpforms-container -->\t\t\t\t<\/div>\n\t\t\t\t<\/div>\n\t\t\t\t<div class=\"elementor-element elementor-element-0f114f9 elementor-widget elementor-widget-html\" data-id=\"0f114f9\" data-element_type=\"widget\" data-e-type=\"widget\" data-widget_type=\"html.default\">\n\t\t\t\t<div class=\"elementor-widget-container\">\n\t\t\t\t\t<label for=\"avatar\"><b>Joindre votre CV<color=\"red\">*<\/color><\/b><\/label><br>\n\n<input type=\"file\" id=\"avatar\" name=\"avatar\" accept=\"image\/png, image\/jpeg\" \/>\t\t\t\t<\/div>\n\t\t\t\t<\/div>\n\t\t\t\t\t<\/div>\n\t\t<\/div>\n\t\t\t\t\t<\/div>\n\t\t<\/section>\n\t\t\t\t<\/div>\n\t\t","protected":false},"excerpt":{"rendered":"<p>Joindre votre CV*<\/p>\n","protected":false},"author":1,"featured_media":0,"parent":0,"menu_order":0,"comment_status":"closed","ping_status":"closed","template":"","meta":{"footnotes":""},"class_list":["post-1985","page","type-page","status-publish","hentry"],"_links":{"self":[{"href":"https:\/\/jmsante.ca\/index.php\/wp-json\/wp\/v2\/pages\/1985","targetHints":{"allow":["GET"]}}],"collection":[{"href":"https:\/\/jmsante.ca\/index.php\/wp-json\/wp\/v2\/pages"}],"about":[{"href":"https:\/\/jmsante.ca\/index.php\/wp-json\/wp\/v2\/types\/page"}],"author":[{"embeddable":true,"href":"https:\/\/jmsante.ca\/index.php\/wp-json\/wp\/v2\/users\/1"}],"replies":[{"embeddable":true,"href":"https:\/\/jmsante.ca\/index.php\/wp-json\/wp\/v2\/comments?post=1985"}],"version-history":[{"count":17,"href":"https:\/\/jmsante.ca\/index.php\/wp-json\/wp\/v2\/pages\/1985\/revisions"}],"predecessor-version":[{"id":2015,"href":"https:\/\/jmsante.ca\/index.php\/wp-json\/wp\/v2\/pages\/1985\/revisions\/2015"}],"wp:attachment":[{"href":"https:\/\/jmsante.ca\/index.php\/wp-json\/wp\/v2\/media?parent=1985"}],"curies":[{"name":"wp","href":"https:\/\/api.w.org\/{rel}","templated":true}]}}