{"id":1968,"date":"2024-05-30T16:55:46","date_gmt":"2024-05-30T14:55:46","guid":{"rendered":"https:\/\/jmsante.ca\/?page_id=1968"},"modified":"2024-11-01T15:24:46","modified_gmt":"2024-11-01T14:24:46","slug":"offres","status":"publish","type":"page","link":"https:\/\/jmsante.ca\/index.php\/offres\/","title":{"rendered":"Offres"},"content":{"rendered":"\t\t<div data-elementor-type=\"wp-page\" data-elementor-id=\"1968\" class=\"elementor elementor-1968\">\n\t\t\t\t\t\t<section class=\"elementor-section elementor-top-section elementor-element elementor-element-8010cdd elementor-section-boxed elementor-section-height-default elementor-section-height-default wpr-particle-no wpr-jarallax-no wpr-parallax-no wpr-sticky-section-no\" data-id=\"8010cdd\" data-element_type=\"section\" data-e-type=\"section\" data-settings=\"{&quot;background_background&quot;:&quot;classic&quot;}\">\n\t\t\t\t\t\t\t<div class=\"elementor-background-overlay\"><\/div>\n\t\t\t\t\t\t\t<div class=\"elementor-container elementor-column-gap-no\">\n\t\t\t\t\t<div class=\"elementor-column elementor-col-100 elementor-top-column elementor-element elementor-element-b106118\" data-id=\"b106118\" data-element_type=\"column\" data-e-type=\"column\">\n\t\t\t<div class=\"elementor-widget-wrap elementor-element-populated\">\n\t\t\t\t\t\t<div class=\"elementor-element elementor-element-ce5981f elementor-widget elementor-widget-heading\" data-id=\"ce5981f\" data-element_type=\"widget\" data-e-type=\"widget\" data-widget_type=\"heading.default\">\n\t\t\t\t<div class=\"elementor-widget-container\">\n\t\t\t\t\t<h1 class=\"elementor-heading-title elementor-size-default\">Nos Offres<\/h1>\t\t\t\t<\/div>\n\t\t\t\t<\/div>\n\t\t\t\t<div class=\"elementor-element elementor-element-dd23754 elementor-widget-divider--view-line elementor-widget elementor-widget-divider\" data-id=\"dd23754\" data-element_type=\"widget\" data-e-type=\"widget\" data-widget_type=\"divider.default\">\n\t\t\t\t<div class=\"elementor-widget-container\">\n\t\t\t\t\t\t\t<div class=\"elementor-divider\">\n\t\t\t<span class=\"elementor-divider-separator\">\n\t\t\t\t\t\t<\/span>\n\t\t<\/div>\n\t\t\t\t\t\t<\/div>\n\t\t\t\t<\/div>\n\t\t\t\t\t<\/div>\n\t\t<\/div>\n\t\t\t\t\t<\/div>\n\t\t<\/section>\n\t\t\t\t<section class=\"elementor-section elementor-top-section elementor-element elementor-element-3899acf elementor-section-boxed elementor-section-height-default elementor-section-height-default wpr-particle-no wpr-jarallax-no wpr-parallax-no wpr-sticky-section-no\" data-id=\"3899acf\" data-element_type=\"section\" data-e-type=\"section\">\n\t\t\t\t\t\t<div class=\"elementor-container elementor-column-gap-default\">\n\t\t\t\t\t<div class=\"elementor-column elementor-col-100 elementor-top-column elementor-element elementor-element-ce989d5\" data-id=\"ce989d5\" data-element_type=\"column\" data-e-type=\"column\">\n\t\t\t<div class=\"elementor-widget-wrap elementor-element-populated\">\n\t\t\t\t\t\t<div class=\"elementor-element elementor-element-c3ce45e elementor-invisible elementor-widget elementor-widget-heading\" data-id=\"c3ce45e\" data-element_type=\"widget\" data-e-type=\"widget\" data-settings=\"{&quot;_animation&quot;:&quot;fadeInUp&quot;}\" data-widget_type=\"heading.default\">\n\t\t\t\t<div class=\"elementor-widget-container\">\n\t\t\t\t\t<h1 class=\"elementor-heading-title elementor-size-xl\">Concierge d'immeuble<\/h1>\t\t\t\t<\/div>\n\t\t\t\t<\/div>\n\t\t\t\t<div class=\"elementor-element elementor-element-2ef13e4 elementor-widget elementor-widget-text-editor\" data-id=\"2ef13e4\" data-element_type=\"widget\" data-e-type=\"widget\" data-widget_type=\"text-editor.default\">\n\t\t\t\t<div class=\"elementor-widget-container\">\n\t\t\t\t\t\t\t\t\t<ul><li><span style=\"text-decoration: underline;\"><em><strong>Description du poste<\/strong><\/em><\/span><\/li><\/ul><p>Ces personnes nettoient et entretiennent des \u00e9difices, des \u00e9tablissements, des immeubles et les terrains environnants. Certaines veillent \u00e9galement au fonctionnement des \u00e9difices.<\/p><ul><li>Se servir d&rsquo;aspirateurs industriels pour enlever les restes, la poussi\u00e8re, les grosses salet\u00e9s et les autres ordures;<\/li><li>Laver les fen\u00eatres, les plafonds et les murs int\u00e9rieurs;<\/li><li>Vider les poubelles et les autres contenants pr\u00e9vus pour les rebuts;<\/li><li>Balayer, essuyer, frotter et cirer les corridors, les parquets et les escaliers;<\/li><li>Enlever la neige et la glace sur les trottoirs et dans les terrains de stationnement;<\/li><li>Tondre le gazon et entretenir le terrain et les plantes;<\/li><li>Nettoyer et d\u00e9sinfecter les salles de bain et leurs accessoires;<\/li><li>D\u00e9placer des meubles et de l&rsquo;\u00e9quipement lourds ainsi que des fournitures<\/li><li>R\u00e9gler les syst\u00e8mes de chauffage, de refroidissement, de ventilation et de plomberie.<\/li><li>Faire des r\u00e9parations mineures et contacter des sp\u00e9cialistes lorsque des r\u00e9parations importantes doivent \u00eatre effectu\u00e9es.<\/li><li>Ex\u00e9cuter d&rsquo;autres travaux d&rsquo;entretien courants (p. ex. : peinture).<\/li><\/ul>\t\t\t\t\t\t\t\t<\/div>\n\t\t\t\t<\/div>\n\t\t\t\t<div class=\"elementor-element elementor-element-b05c9ed elementor-widget elementor-widget-text-editor\" data-id=\"b05c9ed\" data-element_type=\"widget\" data-e-type=\"widget\" data-widget_type=\"text-editor.default\">\n\t\t\t\t<div class=\"elementor-widget-container\">\n\t\t\t\t\t\t\t\t\t<p>Exigence de scolarit\u00e9: Secondaire termin\u00e9<\/p><p>Exp\u00e9rience : 6 mois dans un emploi similaire<\/p><p>Nombre de postes : 2<\/p><p>Pour postuler : Envoyer votre cv \u00e0 <a href=\"mailto:judith.feudjio@jmsante.ca\"><strong><em>judith.feudjio@jmsante.ca<\/em><\/strong><\/a><\/p>\t\t\t\t\t\t\t\t<\/div>\n\t\t\t\t<\/div>\n\t\t\t\t\t<\/div>\n\t\t<\/div>\n\t\t\t\t\t<\/div>\n\t\t<\/section>\n\t\t\t\t<section class=\"elementor-section elementor-top-section elementor-element elementor-element-77999f6 elementor-section-boxed elementor-section-height-default elementor-section-height-default wpr-particle-no wpr-jarallax-no wpr-parallax-no wpr-sticky-section-no\" data-id=\"77999f6\" data-element_type=\"section\" data-e-type=\"section\" data-settings=\"{&quot;background_background&quot;:&quot;classic&quot;}\">\n\t\t\t\t\t\t\t<div class=\"elementor-background-overlay\"><\/div>\n\t\t\t\t\t\t\t<div class=\"elementor-container elementor-column-gap-default\">\n\t\t\t\t\t<div class=\"elementor-column elementor-col-100 elementor-top-column elementor-element elementor-element-2325d67\" data-id=\"2325d67\" data-element_type=\"column\" data-e-type=\"column\">\n\t\t\t<div class=\"elementor-widget-wrap elementor-element-populated\">\n\t\t\t\t\t\t<div class=\"elementor-element elementor-element-7bef345 elementor-widget elementor-widget-heading\" data-id=\"7bef345\" data-element_type=\"widget\" data-e-type=\"widget\" data-widget_type=\"heading.default\">\n\t\t\t\t<div class=\"elementor-widget-container\">\n\t\t\t\t\t<h2 class=\"elementor-heading-title elementor-size-large\">Nous recrutons urgemment pour les Laurentides<\/h2>\t\t\t\t<\/div>\n\t\t\t\t<\/div>\n\t\t\t\t<div class=\"elementor-element elementor-element-bc79b3c elementor-widget elementor-widget-text-editor\" data-id=\"bc79b3c\" data-element_type=\"widget\" data-e-type=\"widget\" data-widget_type=\"text-editor.default\">\n\t\t\t\t<div class=\"elementor-widget-container\">\n\t\t\t\t\t\t\t\t\t<p>-Secr\u00e9taire juridique<\/p><p>&#8211; Technicien en Informatique<\/p><p>&#8211; Agent administratif<\/p><p>-Agent d&rsquo;intervention<\/p><p>&#8211; Coordonnateur<\/p><p>&#8211; Aide de service<\/p>\t\t\t\t\t\t\t\t<\/div>\n\t\t\t\t<\/div>\n\t\t\t\t<div class=\"elementor-element elementor-element-f208246 elementor-align-center elementor-widget elementor-widget-button\" data-id=\"f208246\" data-element_type=\"widget\" data-e-type=\"widget\" data-widget_type=\"button.default\">\n\t\t\t\t<div class=\"elementor-widget-container\">\n\t\t\t\t\t\t\t\t\t<div class=\"elementor-button-wrapper\">\n\t\t\t\t\t<a class=\"elementor-button elementor-button-link elementor-size-sm\" href=\"#\">\n\t\t\t\t\t\t<span class=\"elementor-button-content-wrapper\">\n\t\t\t\t\t\t\t\t\t<span class=\"elementor-button-text\">Postulez<\/span>\n\t\t\t\t\t<\/span>\n\t\t\t\t\t<\/a>\n\t\t\t\t<\/div>\n\t\t\t\t\t\t\t\t<\/div>\n\t\t\t\t<\/div>\n\t\t\t\t\t<\/div>\n\t\t<\/div>\n\t\t\t\t\t<\/div>\n\t\t<\/section>\n\t\t\t\t<section class=\"elementor-section elementor-top-section elementor-element elementor-element-ab21a8f elementor-section-boxed elementor-section-height-default elementor-section-height-default wpr-particle-no wpr-jarallax-no wpr-parallax-no wpr-sticky-section-no\" data-id=\"ab21a8f\" data-element_type=\"section\" data-e-type=\"section\">\n\t\t\t\t\t\t<div class=\"elementor-container elementor-column-gap-default\">\n\t\t\t\t\t<div class=\"elementor-column elementor-col-33 elementor-top-column elementor-element elementor-element-e25f4ca\" data-id=\"e25f4ca\" data-element_type=\"column\" data-e-type=\"column\">\n\t\t\t<div class=\"elementor-widget-wrap elementor-element-populated\">\n\t\t\t\t\t\t<div class=\"elementor-element elementor-element-df56080 elementor-widget elementor-widget-image\" data-id=\"df56080\" data-element_type=\"widget\" data-e-type=\"widget\" data-widget_type=\"image.default\">\n\t\t\t\t<div class=\"elementor-widget-container\">\n\t\t\t\t\t\t\t\t\t\t\t\t\t\t\t<img decoding=\"async\" src=\"https:\/\/jmsante.ca\/wp-content\/uploads\/2024\/05\/Postule-1.jpg\" title=\"Postule 1\" alt=\"Postule 1\" loading=\"lazy\" \/>\t\t\t\t\t\t\t\t\t\t\t\t\t\t\t<\/div>\n\t\t\t\t<\/div>\n\t\t\t\t\t<\/div>\n\t\t<\/div>\n\t\t\t\t<div class=\"elementor-column elementor-col-33 elementor-top-column elementor-element elementor-element-5eeee5a\" data-id=\"5eeee5a\" data-element_type=\"column\" data-e-type=\"column\">\n\t\t\t<div class=\"elementor-widget-wrap elementor-element-populated\">\n\t\t\t\t\t\t<div class=\"elementor-element elementor-element-9a2754f elementor-widget elementor-widget-image\" data-id=\"9a2754f\" data-element_type=\"widget\" data-e-type=\"widget\" data-widget_type=\"image.default\">\n\t\t\t\t<div class=\"elementor-widget-container\">\n\t\t\t\t\t\t\t\t\t\t\t\t\t\t\t<img fetchpriority=\"high\" decoding=\"async\" width=\"819\" height=\"1024\" src=\"https:\/\/jmsante.ca\/wp-content\/uploads\/2024\/05\/Postule-2-819x1024.jpg\" class=\"attachment-large size-large wp-image-1916\" alt=\"\" srcset=\"https:\/\/jmsante.ca\/wp-content\/uploads\/2024\/05\/Postule-2-819x1024.jpg 819w, https:\/\/jmsante.ca\/wp-content\/uploads\/2024\/05\/Postule-2-240x300.jpg 240w, https:\/\/jmsante.ca\/wp-content\/uploads\/2024\/05\/Postule-2-768x960.jpg 768w, https:\/\/jmsante.ca\/wp-content\/uploads\/2024\/05\/Postule-2.jpg 1080w\" sizes=\"(max-width: 819px) 100vw, 819px\" \/>\t\t\t\t\t\t\t\t\t\t\t\t\t\t\t<\/div>\n\t\t\t\t<\/div>\n\t\t\t\t\t<\/div>\n\t\t<\/div>\n\t\t\t\t<div class=\"elementor-column elementor-col-33 elementor-top-column elementor-element elementor-element-98fc1e0\" data-id=\"98fc1e0\" data-element_type=\"column\" data-e-type=\"column\">\n\t\t\t<div class=\"elementor-widget-wrap elementor-element-populated\">\n\t\t\t\t\t\t<div class=\"elementor-element elementor-element-83a6bf3 elementor-widget elementor-widget-image\" data-id=\"83a6bf3\" data-element_type=\"widget\" data-e-type=\"widget\" data-widget_type=\"image.default\">\n\t\t\t\t<div class=\"elementor-widget-container\">\n\t\t\t\t\t\t\t\t\t\t\t\t\t\t\t<img decoding=\"async\" width=\"819\" height=\"1024\" src=\"https:\/\/jmsante.ca\/wp-content\/uploads\/2024\/05\/Postule-3-819x1024.jpg\" class=\"attachment-large size-large wp-image-1917\" alt=\"\" srcset=\"https:\/\/jmsante.ca\/wp-content\/uploads\/2024\/05\/Postule-3-819x1024.jpg 819w, https:\/\/jmsante.ca\/wp-content\/uploads\/2024\/05\/Postule-3-240x300.jpg 240w, https:\/\/jmsante.ca\/wp-content\/uploads\/2024\/05\/Postule-3-768x960.jpg 768w, https:\/\/jmsante.ca\/wp-content\/uploads\/2024\/05\/Postule-3.jpg 1080w\" sizes=\"(max-width: 819px) 100vw, 819px\" \/>\t\t\t\t\t\t\t\t\t\t\t\t\t\t\t<\/div>\n\t\t\t\t<\/div>\n\t\t\t\t\t<\/div>\n\t\t<\/div>\n\t\t\t\t\t<\/div>\n\t\t<\/section>\n\t\t\t\t<\/div>\n\t\t","protected":false},"excerpt":{"rendered":"<p>Our Works Full-service Production Eroforce Global Product Launch Facilisi fermentum donec viverra massa, scelerisque convallis non in quis nisi sit adipiscing massa lorem est tristique dui magna nunc metus, pharetra viverra id tellus dolor platea ultrices ut condimentum tortor habitant bibendum velit platea ac dictumst tempor, mattis varius integer rutrum nisl viverra enim lectus morbi &hellip;<\/p>\n<p class=\"read-more\"> <a class=\"\" href=\"https:\/\/websitedemos.net\/event-management-04\/works\/\"> <span class=\"screen-reader-text\">Works<\/span> Read More &raquo;<\/a><\/p>\n","protected":false},"author":1,"featured_media":0,"parent":0,"menu_order":0,"comment_status":"closed","ping_status":"closed","template":"elementor_header_footer","meta":{"footnotes":""},"class_list":["post-1968","page","type-page","status-publish","hentry"],"_links":{"self":[{"href":"https:\/\/jmsante.ca\/index.php\/wp-json\/wp\/v2\/pages\/1968","targetHints":{"allow":["GET"]}}],"collection":[{"href":"https:\/\/jmsante.ca\/index.php\/wp-json\/wp\/v2\/pages"}],"about":[{"href":"https:\/\/jmsante.ca\/index.php\/wp-json\/wp\/v2\/types\/page"}],"author":[{"embeddable":true,"href":"https:\/\/jmsante.ca\/index.php\/wp-json\/wp\/v2\/users\/1"}],"replies":[{"embeddable":true,"href":"https:\/\/jmsante.ca\/index.php\/wp-json\/wp\/v2\/comments?post=1968"}],"version-history":[{"count":7,"href":"https:\/\/jmsante.ca\/index.php\/wp-json\/wp\/v2\/pages\/1968\/revisions"}],"predecessor-version":[{"id":2169,"href":"https:\/\/jmsante.ca\/index.php\/wp-json\/wp\/v2\/pages\/1968\/revisions\/2169"}],"wp:attachment":[{"href":"https:\/\/jmsante.ca\/index.php\/wp-json\/wp\/v2\/media?parent=1968"}],"curies":[{"name":"wp","href":"https:\/\/api.w.org\/{rel}","templated":true}]}}