{"id":1477,"date":"2022-09-26T16:44:47","date_gmt":"2022-09-26T14:44:47","guid":{"rendered":"https:\/\/jmsante.ca\/?page_id=1477"},"modified":"2022-09-26T18:08:01","modified_gmt":"2022-09-26T16:08:01","slug":"travailleur-etranger","status":"publish","type":"page","link":"https:\/\/jmsante.ca\/index.php\/services\/travailleur-etranger\/","title":{"rendered":"Travailleur \u00e9tranger"},"content":{"rendered":"\t\t<div data-elementor-type=\"wp-page\" data-elementor-id=\"1477\" class=\"elementor elementor-1477\">\n\t\t\t\t\t\t<section class=\"elementor-section elementor-top-section elementor-element elementor-element-a3945ae elementor-section-boxed elementor-section-height-default elementor-section-height-default wpr-particle-no wpr-jarallax-no wpr-parallax-no wpr-sticky-section-no\" data-id=\"a3945ae\" data-element_type=\"section\" data-e-type=\"section\" data-settings=\"{&quot;background_background&quot;:&quot;classic&quot;}\">\n\t\t\t\t\t\t\t<div class=\"elementor-background-overlay\"><\/div>\n\t\t\t\t\t\t\t<div class=\"elementor-container elementor-column-gap-no\">\n\t\t\t\t\t<div class=\"elementor-column elementor-col-50 elementor-top-column elementor-element elementor-element-141abb2\" data-id=\"141abb2\" data-element_type=\"column\" data-e-type=\"column\">\n\t\t\t<div class=\"elementor-widget-wrap\">\n\t\t\t\t\t\t\t<\/div>\n\t\t<\/div>\n\t\t\t\t<div class=\"elementor-column elementor-col-50 elementor-top-column elementor-element elementor-element-64562ba\" data-id=\"64562ba\" data-element_type=\"column\" data-e-type=\"column\">\n\t\t\t<div class=\"elementor-widget-wrap elementor-element-populated\">\n\t\t\t\t\t\t<div class=\"elementor-element elementor-element-2269b0a elementor-widget elementor-widget-heading\" data-id=\"2269b0a\" data-element_type=\"widget\" data-e-type=\"widget\" data-widget_type=\"heading.default\">\n\t\t\t\t<div class=\"elementor-widget-container\">\n\t\t\t\t\t<h6 class=\"elementor-heading-title elementor-size-default\">Nos Services<\/h6>\t\t\t\t<\/div>\n\t\t\t\t<\/div>\n\t\t\t\t<div class=\"elementor-element elementor-element-0d80c29 elementor-widget elementor-widget-heading\" data-id=\"0d80c29\" data-element_type=\"widget\" data-e-type=\"widget\" data-widget_type=\"heading.default\">\n\t\t\t\t<div class=\"elementor-widget-container\">\n\t\t\t\t\t<h1 class=\"elementor-heading-title elementor-size-default\">Travailleur \u00e9tranger<\/h1>\t\t\t\t<\/div>\n\t\t\t\t<\/div>\n\t\t\t\t\t<\/div>\n\t\t<\/div>\n\t\t\t\t\t<\/div>\n\t\t<\/section>\n\t\t\t\t<section class=\"elementor-section elementor-top-section elementor-element elementor-element-916ea6f elementor-section-boxed elementor-section-height-default elementor-section-height-default wpr-particle-no wpr-jarallax-no wpr-parallax-no wpr-sticky-section-no\" data-id=\"916ea6f\" data-element_type=\"section\" data-e-type=\"section\" data-settings=\"{&quot;background_background&quot;:&quot;classic&quot;}\">\n\t\t\t\t\t\t<div class=\"elementor-container elementor-column-gap-no\">\n\t\t\t\t\t<div class=\"elementor-column elementor-col-100 elementor-top-column elementor-element elementor-element-0bc796f\" data-id=\"0bc796f\" data-element_type=\"column\" data-e-type=\"column\">\n\t\t\t<div class=\"elementor-widget-wrap elementor-element-populated\">\n\t\t\t\t\t\t<section class=\"elementor-section elementor-inner-section elementor-element elementor-element-bd5c7c4 elementor-section-boxed elementor-section-height-default elementor-section-height-default wpr-particle-no wpr-jarallax-no wpr-parallax-no wpr-sticky-section-no\" data-id=\"bd5c7c4\" data-element_type=\"section\" data-e-type=\"section\" data-settings=\"{&quot;background_background&quot;:&quot;classic&quot;}\">\n\t\t\t\t\t\t<div class=\"elementor-container elementor-column-gap-no\">\n\t\t\t\t\t<div class=\"elementor-column elementor-col-50 elementor-inner-column elementor-element elementor-element-b69bfa6\" data-id=\"b69bfa6\" data-element_type=\"column\" data-e-type=\"column\">\n\t\t\t<div class=\"elementor-widget-wrap elementor-element-populated\">\n\t\t\t\t\t\t<div class=\"elementor-element elementor-element-ff61190 elementor-widget elementor-widget-text-editor\" data-id=\"ff61190\" data-element_type=\"widget\" data-e-type=\"widget\" data-widget_type=\"text-editor.default\">\n\t\t\t\t<div class=\"elementor-widget-container\">\n\t\t\t\t\t\t\t\t\t<p>Agence de placement JM SANTE<\/p>\t\t\t\t\t\t\t\t<\/div>\n\t\t\t\t<\/div>\n\t\t\t\t\t<\/div>\n\t\t<\/div>\n\t\t\t\t<div class=\"elementor-column elementor-col-50 elementor-inner-column elementor-element elementor-element-0508b45\" data-id=\"0508b45\" data-element_type=\"column\" data-e-type=\"column\">\n\t\t\t<div class=\"elementor-widget-wrap elementor-element-populated\">\n\t\t\t\t\t\t<div class=\"elementor-element elementor-element-69411a0 elementor-widget elementor-widget-text-editor\" data-id=\"69411a0\" data-element_type=\"widget\" data-e-type=\"widget\" data-widget_type=\"text-editor.default\">\n\t\t\t\t<div class=\"elementor-widget-container\">\n\t\t\t\t\t\t\t\t\t<p class=\"desc\">214 Rue Mayrand<\/p><p class=\"desc\">Saint-Jean-sur-Richelieu, J3B 3L2<\/p><p class=\"desc\">J3B0G8 Cell : 514-629 8138<\/p><p class=\"desc\">No CNESST: AP-2000728<\/p>\t\t\t\t\t\t\t\t<\/div>\n\t\t\t\t<\/div>\n\t\t\t\t\t<\/div>\n\t\t<\/div>\n\t\t\t\t\t<\/div>\n\t\t<\/section>\n\t\t\t\t<section class=\"elementor-section elementor-inner-section elementor-element elementor-element-14d50d8 elementor-section-boxed elementor-section-height-default elementor-section-height-default wpr-particle-no wpr-jarallax-no wpr-parallax-no wpr-sticky-section-no\" data-id=\"14d50d8\" data-element_type=\"section\" data-e-type=\"section\" data-settings=\"{&quot;background_background&quot;:&quot;classic&quot;}\">\n\t\t\t\t\t\t<div class=\"elementor-container elementor-column-gap-no\">\n\t\t\t\t\t<div class=\"elementor-column elementor-col-100 elementor-inner-column elementor-element elementor-element-ead3e1f\" data-id=\"ead3e1f\" data-element_type=\"column\" data-e-type=\"column\">\n\t\t\t<div class=\"elementor-widget-wrap elementor-element-populated\">\n\t\t\t\t\t\t<div class=\"elementor-element elementor-element-11fa5f6 elementor-widget elementor-widget-text-editor\" data-id=\"11fa5f6\" data-element_type=\"widget\" data-e-type=\"widget\" data-widget_type=\"text-editor.default\">\n\t\t\t\t<div class=\"elementor-widget-container\">\n\t\t\t\t\t\t\t\t\t<p>Nous sommes une Agence de placement de personnel de la sant\u00e9 qui aide les entreprises canadiennes \u00e0 recruter des travailleurs \u00e9trangers tout en assurant leur int\u00e9gration et r\u00e9ussite.<\/p><p><strong>CE QUE NOUS PROPOSONS<\/strong><\/p><p><strong><u>RECRUTEMENT INTERNATIONAL<\/u><\/strong><\/p><p>Nous offrons aux entreprises la possibilit\u00e9 de recruter l\u2019employ\u00e9 id\u00e9ale pour le poste \u00e0 promouvoir. Nos experts en ressources humaines m\u00e8nent une s\u00e9lection rude de mani\u00e8re \u00e0 retenir les candidats adapter au besoin de nos clients.<\/p><p><strong><u>CAT\u00c9GORIE D\u2019EMPLOY\u00c9E \u00c0 RECRUTER<\/u><\/strong><\/p><p style=\"margin-left: 4%;\"><strong>A. Domaine de la sant\u00e9<\/strong><\/p>\t\t\t\t\t\t\t\t<\/div>\n\t\t\t\t<\/div>\n\t\t\t\t<div class=\"elementor-element elementor-element-8d1193a elementor-icon-list--layout-traditional elementor-list-item-link-full_width elementor-widget elementor-widget-icon-list\" data-id=\"8d1193a\" data-element_type=\"widget\" data-e-type=\"widget\" data-widget_type=\"icon-list.default\">\n\t\t\t\t<div class=\"elementor-widget-container\">\n\t\t\t\t\t\t\t<ul class=\"elementor-icon-list-items\">\n\t\t\t\t\t\t\t<li class=\"elementor-icon-list-item\">\n\t\t\t\t\t\t\t\t\t\t\t<span class=\"elementor-icon-list-icon\">\n\t\t\t\t\t\t\t<i aria-hidden=\"true\" class=\"far fa-check-circle\"><\/i>\t\t\t\t\t\t<\/span>\n\t\t\t\t\t\t\t\t\t\t<span class=\"elementor-icon-list-text\">Infirmi\u00e8re form\u00e9e hors Qu\u00e9bec (monde)<\/span>\n\t\t\t\t\t\t\t\t\t<\/li>\n\t\t\t\t\t\t\t\t<li class=\"elementor-icon-list-item\">\n\t\t\t\t\t\t\t\t\t\t\t<span class=\"elementor-icon-list-icon\">\n\t\t\t\t\t\t\t<i aria-hidden=\"true\" class=\"far fa-check-circle\"><\/i>\t\t\t\t\t\t<\/span>\n\t\t\t\t\t\t\t\t\t\t<span class=\"elementor-icon-list-text\">Infirmi\u00e8re fran\u00e7aise<\/span>\n\t\t\t\t\t\t\t\t\t<\/li>\n\t\t\t\t\t\t\t\t<li class=\"elementor-icon-list-item\">\n\t\t\t\t\t\t\t\t\t\t\t<span class=\"elementor-icon-list-icon\">\n\t\t\t\t\t\t\t<i aria-hidden=\"true\" class=\"far fa-check-circle\"><\/i>\t\t\t\t\t\t<\/span>\n\t\t\t\t\t\t\t\t\t\t<span class=\"elementor-icon-list-text\">Aide-soignante (Europe)<\/span>\n\t\t\t\t\t\t\t\t\t<\/li>\n\t\t\t\t\t\t\t\t<li class=\"elementor-icon-list-item\">\n\t\t\t\t\t\t\t\t\t\t\t<span class=\"elementor-icon-list-icon\">\n\t\t\t\t\t\t\t<i aria-hidden=\"true\" class=\"far fa-check-circle\"><\/i>\t\t\t\t\t\t<\/span>\n\t\t\t\t\t\t\t\t\t\t<span class=\"elementor-icon-list-text\">Pr\u00e9pos\u00e9(e)s aux b\u00e9n\u00e9ficiaires<\/span>\n\t\t\t\t\t\t\t\t\t<\/li>\n\t\t\t\t\t\t<\/ul>\n\t\t\t\t\t\t<\/div>\n\t\t\t\t<\/div>\n\t\t\t\t<div class=\"elementor-element elementor-element-aab4e96 elementor-widget elementor-widget-text-editor\" data-id=\"aab4e96\" data-element_type=\"widget\" data-e-type=\"widget\" data-widget_type=\"text-editor.default\">\n\t\t\t\t<div class=\"elementor-widget-container\">\n\t\t\t\t\t\t\t\t\t<p style=\"margin-left: 4%;\"><strong>B. Domaine technique<\/strong><\/p>\t\t\t\t\t\t\t\t<\/div>\n\t\t\t\t<\/div>\n\t\t\t\t<div class=\"elementor-element elementor-element-3fb3c3f elementor-icon-list--layout-traditional elementor-list-item-link-full_width elementor-widget elementor-widget-icon-list\" data-id=\"3fb3c3f\" data-element_type=\"widget\" data-e-type=\"widget\" data-widget_type=\"icon-list.default\">\n\t\t\t\t<div class=\"elementor-widget-container\">\n\t\t\t\t\t\t\t<ul class=\"elementor-icon-list-items\">\n\t\t\t\t\t\t\t<li class=\"elementor-icon-list-item\">\n\t\t\t\t\t\t\t\t\t\t\t<span class=\"elementor-icon-list-icon\">\n\t\t\t\t\t\t\t<i aria-hidden=\"true\" class=\"far fa-check-circle\"><\/i>\t\t\t\t\t\t<\/span>\n\t\t\t\t\t\t\t\t\t\t<span class=\"elementor-icon-list-text\">Assembleurs<\/span>\n\t\t\t\t\t\t\t\t\t<\/li>\n\t\t\t\t\t\t\t\t<li class=\"elementor-icon-list-item\">\n\t\t\t\t\t\t\t\t\t\t\t<span class=\"elementor-icon-list-icon\">\n\t\t\t\t\t\t\t<i aria-hidden=\"true\" class=\"far fa-check-circle\"><\/i>\t\t\t\t\t\t<\/span>\n\t\t\t\t\t\t\t\t\t\t<span class=\"elementor-icon-list-text\">Journalier<\/span>\n\t\t\t\t\t\t\t\t\t<\/li>\n\t\t\t\t\t\t\t\t<li class=\"elementor-icon-list-item\">\n\t\t\t\t\t\t\t\t\t\t\t<span class=\"elementor-icon-list-icon\">\n\t\t\t\t\t\t\t<i aria-hidden=\"true\" class=\"far fa-check-circle\"><\/i>\t\t\t\t\t\t<\/span>\n\t\t\t\t\t\t\t\t\t\t<span class=\"elementor-icon-list-text\">Gareurs<\/span>\n\t\t\t\t\t\t\t\t\t<\/li>\n\t\t\t\t\t\t\t\t<li class=\"elementor-icon-list-item\">\n\t\t\t\t\t\t\t\t\t\t\t<span class=\"elementor-icon-list-icon\">\n\t\t\t\t\t\t\t<i aria-hidden=\"true\" class=\"far fa-check-circle\"><\/i>\t\t\t\t\t\t<\/span>\n\t\t\t\t\t\t\t\t\t\t<span class=\"elementor-icon-list-text\">Personnel pour la s\u00e9curit\u00e9<\/span>\n\t\t\t\t\t\t\t\t\t<\/li>\n\t\t\t\t\t\t\t\t<li class=\"elementor-icon-list-item\">\n\t\t\t\t\t\t\t\t\t\t\t<span class=\"elementor-icon-list-icon\">\n\t\t\t\t\t\t\t<i aria-hidden=\"true\" class=\"far fa-check-circle\"><\/i>\t\t\t\t\t\t<\/span>\n\t\t\t\t\t\t\t\t\t\t<span class=\"elementor-icon-list-text\">Plonge<\/span>\n\t\t\t\t\t\t\t\t\t<\/li>\n\t\t\t\t\t\t\t\t<li class=\"elementor-icon-list-item\">\n\t\t\t\t\t\t\t\t\t\t\t<span class=\"elementor-icon-list-icon\">\n\t\t\t\t\t\t\t<i aria-hidden=\"true\" class=\"far fa-check-circle\"><\/i>\t\t\t\t\t\t<\/span>\n\t\t\t\t\t\t\t\t\t\t<span class=\"elementor-icon-list-text\">Aide \u00e0 la cuisine<\/span>\n\t\t\t\t\t\t\t\t\t<\/li>\n\t\t\t\t\t\t\t\t<li class=\"elementor-icon-list-item\">\n\t\t\t\t\t\t\t\t\t\t\t<span class=\"elementor-icon-list-icon\">\n\t\t\t\t\t\t\t<i aria-hidden=\"true\" class=\"far fa-check-circle\"><\/i>\t\t\t\t\t\t<\/span>\n\t\t\t\t\t\t\t\t\t\t<span class=\"elementor-icon-list-text\">Pr\u00e9pos\u00e9 \u00e0 l\u2019entrepot<\/span>\n\t\t\t\t\t\t\t\t\t<\/li>\n\t\t\t\t\t\t\t\t<li class=\"elementor-icon-list-item\">\n\t\t\t\t\t\t\t\t\t\t\t<span class=\"elementor-icon-list-icon\">\n\t\t\t\t\t\t\t<i aria-hidden=\"true\" class=\"far fa-check-circle\"><\/i>\t\t\t\t\t\t<\/span>\n\t\t\t\t\t\t\t\t\t\t<span class=\"elementor-icon-list-text\">Service de maintenance<\/span>\n\t\t\t\t\t\t\t\t\t<\/li>\n\t\t\t\t\t\t\t\t<li class=\"elementor-icon-list-item\">\n\t\t\t\t\t\t\t\t\t\t\t<span class=\"elementor-icon-list-icon\">\n\t\t\t\t\t\t\t<i aria-hidden=\"true\" class=\"far fa-check-circle\"><\/i>\t\t\t\t\t\t<\/span>\n\t\t\t\t\t\t\t\t\t\t<span class=\"elementor-icon-list-text\">Pr\u00e9pos\u00e9 \u00e0 la sanitation<\/span>\n\t\t\t\t\t\t\t\t\t<\/li>\n\t\t\t\t\t\t\t\t<li class=\"elementor-icon-list-item\">\n\t\t\t\t\t\t\t\t\t\t\t<span class=\"elementor-icon-list-icon\">\n\t\t\t\t\t\t\t<i aria-hidden=\"true\" class=\"far fa-check-circle\"><\/i>\t\t\t\t\t\t<\/span>\n\t\t\t\t\t\t\t\t\t\t<span class=\"elementor-icon-list-text\">Pr\u00e9pos\u00e9 aux chambres<\/span>\n\t\t\t\t\t\t\t\t\t<\/li>\n\t\t\t\t\t\t<\/ul>\n\t\t\t\t\t\t<\/div>\n\t\t\t\t<\/div>\n\t\t\t\t<div class=\"elementor-element elementor-element-88cf0d2 elementor-widget elementor-widget-text-editor\" data-id=\"88cf0d2\" data-element_type=\"widget\" data-e-type=\"widget\" data-widget_type=\"text-editor.default\">\n\t\t\t\t<div class=\"elementor-widget-container\">\n\t\t\t\t\t\t\t\t\t<p><strong><u>PROC\u00c9DURE D\u2019IMMIGRATION<\/u><\/strong><\/p><p class=\"desc mb-5\">Nos services d \u2019immigration comprennent des experts pour r\u00e9pondre \u00e0 toutes les d\u00e9marches en lien avec l\u2019obtention de l\u2019IEMT et du permis de travail pour recruter le nouvel employ\u00e9.<\/p><p><strong><u>HABITATION ET INT\u00c9GRATION<\/u><\/strong><\/p><p class=\"desc mb-5\">Nos services comprennent l\u2019accueil \u00e0 l\u2019arriv\u00e9e du candidat, la recherche d\u2019un logement et aussi l\u2019int\u00e9gration sur le sol canadien, et aussi la demande de document importants tels que la carte d\u2019assurance maladie, permis de conduire j\u2019jusqu\u2019\u00e0 stabilit\u00e9 de base au Canada.<\/p><p><strong><u>OFFRES SUPL\u00c9MENTAIRE POUR L\u2019INTEGRATION DES INFIRMIERS FORM\u00c9S HORS QUEBEC<\/u><\/strong><\/p><ol class=\"pl-50 sm-pl-0 mb-5\"><li>Accompagnement et d\u00e9marche aupr\u00e8s de l\u2019OIIQ<\/li><li>Soutien \u00e0 la pr\u00e9paration de l\u2019examen de l\u2019OIIQ<\/li><li>Cours de RCR et PDSB offert (toutes les cat\u00e9gories)<\/li><\/ol><p><strong><u>NOS FRAIS DE SERVICES<\/u><\/strong><\/p><p class=\"desc mb-5\">Nous contacter:\u00a0<a href=\"travailleur-etranger\/formulaire-recrutement-hors-quebec.html\">Formulaire recrutement hors Quebec<\/a><\/p><p><strong><u>FRAIS SUPPL\u00c9MENTAIRES REQUIS<\/u><\/strong><\/p><p class=\"desc mb-5\">1404$ payable aux gouvernements du Qu\u00e9bec et du Canada en frais de traitement de dossier.<\/p>\t\t\t\t\t\t\t\t<\/div>\n\t\t\t\t<\/div>\n\t\t\t\t\t<\/div>\n\t\t<\/div>\n\t\t\t\t\t<\/div>\n\t\t<\/section>\n\t\t\t\t<section class=\"elementor-section elementor-inner-section elementor-element elementor-element-e11a558 elementor-section-boxed elementor-section-height-default elementor-section-height-default wpr-particle-no wpr-jarallax-no wpr-parallax-no wpr-sticky-section-no\" data-id=\"e11a558\" data-element_type=\"section\" data-e-type=\"section\">\n\t\t\t\t\t\t<div class=\"elementor-container elementor-column-gap-no\">\n\t\t\t\t\t<div class=\"elementor-column elementor-col-50 elementor-inner-column elementor-element elementor-element-25b2305\" data-id=\"25b2305\" data-element_type=\"column\" data-e-type=\"column\" data-settings=\"{&quot;background_background&quot;:&quot;classic&quot;}\">\n\t\t\t<div class=\"elementor-widget-wrap elementor-element-populated\">\n\t\t\t\t\t\t<div class=\"elementor-element elementor-element-fd315d9 elementor-widget elementor-widget-shortcode\" data-id=\"fd315d9\" data-element_type=\"widget\" data-e-type=\"widget\" data-widget_type=\"shortcode.default\">\n\t\t\t\t<div class=\"elementor-widget-container\">\n\t\t\t\t\t\t\t<div class=\"elementor-shortcode\"><div class=\"wpforms-container \" id=\"wpforms-1529\"><form id=\"wpforms-form-1529\" class=\"wpforms-validate wpforms-form wpforms-ajax-form\" data-formid=\"1529\" method=\"post\" enctype=\"multipart\/form-data\" action=\"\/index.php\/wp-json\/wp\/v2\/pages\/1477\" data-token=\"5cae925cc07c172018704393d5ae760f\"><noscript class=\"wpforms-error-noscript\">Veuillez activer JavaScript dans votre navigateur pour remplir ce formulaire.<\/noscript><div class=\"wpforms-field-container\"><div id=\"wpforms-1529-field_0-container\" class=\"wpforms-field wpforms-field-name\" data-field-id=\"0\"><label class=\"wpforms-field-label\" for=\"wpforms-1529-field_0\">Nom <span class=\"wpforms-required-label\">*<\/span><\/label><input type=\"text\" id=\"wpforms-1529-field_0\" class=\"wpforms-field-large wpforms-field-required\" name=\"wpforms[fields][0]\" required><div class=\"wpforms-field-description\">Votre nom complet<\/div><\/div><div id=\"wpforms-1529-field_12-container\" class=\"wpforms-field wpforms-field-text\" data-field-id=\"12\"><label class=\"wpforms-field-label\" for=\"wpforms-1529-field_12\">T\u00e9l\u00e9phone <span class=\"wpforms-required-label\">*<\/span><\/label><input type=\"text\" id=\"wpforms-1529-field_12\" class=\"wpforms-field-large wpforms-field-required\" name=\"wpforms[fields][12]\" required><div class=\"wpforms-field-description\">Votre num\u00e9ro de t\u00e9l\u00e9phone<\/div><\/div><div id=\"wpforms-1529-field_14-container\" class=\"wpforms-field wpforms-field-text\" data-field-id=\"14\"><label class=\"wpforms-field-label\" for=\"wpforms-1529-field_14\">Email <span class=\"wpforms-required-label\">*<\/span><\/label><input type=\"text\" id=\"wpforms-1529-field_14\" class=\"wpforms-field-large wpforms-field-required\" name=\"wpforms[fields][14]\" required><div class=\"wpforms-field-description\">Votre adresse email<\/div><\/div><div id=\"wpforms-1529-field_9-container\" class=\"wpforms-field wpforms-field-radio\" data-field-id=\"9\"><label class=\"wpforms-field-label\" for=\"wpforms-1529-field_9\">Vous \u00eates une entreprise situ\u00e9e au Canada? <span class=\"wpforms-required-label\">*<\/span><\/label><ul id=\"wpforms-1529-field_9\" class=\"wpforms-field-required\"><li class=\"choice-1 depth-1\"><input type=\"radio\" id=\"wpforms-1529-field_9_1\" name=\"wpforms[fields][9]\" value=\"Oui\" required ><label class=\"wpforms-field-label-inline\" for=\"wpforms-1529-field_9_1\">Oui<\/label><\/li><li class=\"choice-2 depth-1\"><input type=\"radio\" id=\"wpforms-1529-field_9_2\" name=\"wpforms[fields][9]\" value=\"Non\" required ><label class=\"wpforms-field-label-inline\" for=\"wpforms-1529-field_9_2\">Non<\/label><\/li><\/ul><\/div><div id=\"wpforms-1529-field_4-container\" class=\"wpforms-field wpforms-field-text\" data-field-id=\"4\"><label class=\"wpforms-field-label\" for=\"wpforms-1529-field_4\">Donn\u00e9es personnelles <span class=\"wpforms-required-label\">*<\/span><\/label><input type=\"text\" id=\"wpforms-1529-field_4\" class=\"wpforms-field-large wpforms-field-required\" name=\"wpforms[fields][4]\" required><div class=\"wpforms-field-description\">Titre<\/div><\/div><div id=\"wpforms-1529-field_16-container\" class=\"wpforms-field wpforms-field-textarea\" data-field-id=\"16\"><label class=\"wpforms-field-label\" for=\"wpforms-1529-field_16\">Commentaires<\/label><textarea id=\"wpforms-1529-field_16\" class=\"wpforms-field-medium\" name=\"wpforms[fields][16]\" ><\/textarea><div class=\"wpforms-field-description\">Ajoutez des informations compl\u00e9mentaires \u00e0 votre profil<\/div><\/div><div id=\"wpforms-1529-field_17-container\" class=\"wpforms-field wpforms-field-checkbox\" data-field-id=\"17\"><label class=\"wpforms-field-label\" for=\"wpforms-1529-field_17\">J\u2019accepte les conditions d\u2019utilisation <span class=\"wpforms-required-label\">*<\/span><\/label><ul id=\"wpforms-1529-field_17\" class=\"wpforms-field-required\"><li class=\"choice-1 depth-1\"><input type=\"checkbox\" id=\"wpforms-1529-field_17_1\" name=\"wpforms[fields][17][]\" value=\"Oui\" required ><label class=\"wpforms-field-label-inline\" for=\"wpforms-1529-field_17_1\">Oui<\/label><\/li><\/ul><div class=\"wpforms-field-description\">Vous devrez l'accepter pour continuer le processus<\/div><\/div><\/div><div class=\"wpforms-submit-container\"><input type=\"hidden\" name=\"wpforms[id]\" value=\"1529\"><input type=\"hidden\" name=\"wpforms[author]\" value=\"1\"><button type=\"submit\" name=\"wpforms[submit]\" id=\"wpforms-submit-1529\" class=\"wpforms-submit\" data-alt-text=\"En cours d&#039;envoi...\" data-submit-text=\"SOUMETTRE\" aria-live=\"assertive\" value=\"wpforms-submit\">SOUMETTRE<\/button><img decoding=\"async\" src=\"https:\/\/jmsante.ca\/wp-content\/plugins\/wpforms-lite\/assets\/images\/submit-spin.svg\" class=\"wpforms-submit-spinner\" style=\"display: none;\" width=\"26\" height=\"26\" alt=\"Chargement en cours\"><\/div><\/form><\/div>  <!-- .wpforms-container --><\/div>\n\t\t\t\t\t\t<\/div>\n\t\t\t\t<\/div>\n\t\t\t\t\t<\/div>\n\t\t<\/div>\n\t\t\t\t<div class=\"elementor-column elementor-col-50 elementor-inner-column elementor-element elementor-element-8180a31\" data-id=\"8180a31\" data-element_type=\"column\" data-e-type=\"column\">\n\t\t\t<div class=\"elementor-widget-wrap\">\n\t\t\t\t\t\t\t<\/div>\n\t\t<\/div>\n\t\t\t\t\t<\/div>\n\t\t<\/section>\n\t\t\t\t\t<\/div>\n\t\t<\/div>\n\t\t\t\t\t<\/div>\n\t\t<\/section>\n\t\t\t\t<\/div>\n\t\t","protected":false},"excerpt":{"rendered":"<p>Nos Services Travailleur \u00e9tranger Agence de placement JM SANTE 214 Rue Mayrand Saint-Jean-sur-Richelieu, J3B 3L2 J3B0G8 Cell : 514-629 8138 No CNESST: AP-2000728 Nous sommes une Agence de placement de personnel de la sant\u00e9 qui aide les entreprises canadiennes \u00e0 recruter des travailleurs \u00e9trangers tout en assurant leur int\u00e9gration et r\u00e9ussite. CE QUE NOUS PROPOSONS RECRUTEMENT INTERNATIONAL Nous offrons aux entreprises la possibilit\u00e9 de recruter l\u2019employ\u00e9 id\u00e9ale pour le poste \u00e0 promouvoir. Nos experts en ressources humaines m\u00e8nent une s\u00e9lection rude de mani\u00e8re \u00e0 retenir les candidats adapter au besoin de nos clients. CAT\u00c9GORIE D\u2019EMPLOY\u00c9E \u00c0 RECRUTER A. Domaine de la sant\u00e9 Infirmi\u00e8re form\u00e9e hors Qu\u00e9bec (monde) Infirmi\u00e8re fran\u00e7aise Aide-soignante (Europe) Pr\u00e9pos\u00e9(e)s aux b\u00e9n\u00e9ficiaires B. Domaine technique Assembleurs Journalier Gareurs Personnel pour la s\u00e9curit\u00e9 Plonge Aide \u00e0 la cuisine Pr\u00e9pos\u00e9 \u00e0 l\u2019entrepot Service de maintenance Pr\u00e9pos\u00e9 \u00e0 la sanitation Pr\u00e9pos\u00e9 aux chambres PROC\u00c9DURE D\u2019IMMIGRATION Nos services d \u2019immigration comprennent des experts pour r\u00e9pondre \u00e0 toutes les d\u00e9marches en lien avec l\u2019obtention de l\u2019IEMT et du permis de travail pour recruter le nouvel employ\u00e9. HABITATION ET INT\u00c9GRATION Nos services comprennent l\u2019accueil \u00e0 l\u2019arriv\u00e9e du candidat, la recherche d\u2019un logement et aussi l\u2019int\u00e9gration sur le sol canadien, et aussi la demande de document importants tels que la carte d\u2019assurance maladie, permis de conduire j\u2019jusqu\u2019\u00e0 stabilit\u00e9 de base au Canada. OFFRES SUPL\u00c9MENTAIRE POUR L\u2019INTEGRATION DES INFIRMIERS FORM\u00c9S HORS QUEBEC Accompagnement et d\u00e9marche aupr\u00e8s de l\u2019OIIQ Soutien \u00e0 la pr\u00e9paration de l\u2019examen de l\u2019OIIQ Cours de RCR et PDSB offert (toutes les cat\u00e9gories) NOS FRAIS DE SERVICES Nous contacter:\u00a0Formulaire recrutement hors Quebec FRAIS SUPPL\u00c9MENTAIRES REQUIS 1404$ payable aux gouvernements du Qu\u00e9bec et du Canada en frais de traitement de dossier.<\/p>\n","protected":false},"author":1,"featured_media":0,"parent":442,"menu_order":0,"comment_status":"closed","ping_status":"closed","template":"","meta":{"footnotes":""},"class_list":["post-1477","page","type-page","status-publish","hentry"],"_links":{"self":[{"href":"https:\/\/jmsante.ca\/index.php\/wp-json\/wp\/v2\/pages\/1477","targetHints":{"allow":["GET"]}}],"collection":[{"href":"https:\/\/jmsante.ca\/index.php\/wp-json\/wp\/v2\/pages"}],"about":[{"href":"https:\/\/jmsante.ca\/index.php\/wp-json\/wp\/v2\/types\/page"}],"author":[{"embeddable":true,"href":"https:\/\/jmsante.ca\/index.php\/wp-json\/wp\/v2\/users\/1"}],"replies":[{"embeddable":true,"href":"https:\/\/jmsante.ca\/index.php\/wp-json\/wp\/v2\/comments?post=1477"}],"version-history":[{"count":64,"href":"https:\/\/jmsante.ca\/index.php\/wp-json\/wp\/v2\/pages\/1477\/revisions"}],"predecessor-version":[{"id":1560,"href":"https:\/\/jmsante.ca\/index.php\/wp-json\/wp\/v2\/pages\/1477\/revisions\/1560"}],"up":[{"embeddable":true,"href":"https:\/\/jmsante.ca\/index.php\/wp-json\/wp\/v2\/pages\/442"}],"wp:attachment":[{"href":"https:\/\/jmsante.ca\/index.php\/wp-json\/wp\/v2\/media?parent=1477"}],"curies":[{"name":"wp","href":"https:\/\/api.w.org\/{rel}","templated":true}]}}