{"id":1455,"date":"2022-09-26T16:19:15","date_gmt":"2022-09-26T14:19:15","guid":{"rendered":"https:\/\/jmsante.ca\/?page_id=1455"},"modified":"2022-09-26T16:41:36","modified_gmt":"2022-09-26T14:41:36","slug":"procedure-dimmigration-etudiants-etrangers","status":"publish","type":"page","link":"https:\/\/jmsante.ca\/index.php\/services\/procedure-dimmigration-etudiants-etrangers\/","title":{"rendered":"Proc\u00e9dure d&rsquo;immigration \u00e9tudiants \u00e9trangers"},"content":{"rendered":"\t\t<div data-elementor-type=\"wp-page\" data-elementor-id=\"1455\" class=\"elementor elementor-1455\">\n\t\t\t\t\t\t<section class=\"elementor-section elementor-top-section elementor-element elementor-element-98d7083 elementor-section-boxed elementor-section-height-default elementor-section-height-default wpr-particle-no wpr-jarallax-no wpr-parallax-no wpr-sticky-section-no\" data-id=\"98d7083\" data-element_type=\"section\" data-e-type=\"section\" data-settings=\"{&quot;background_background&quot;:&quot;classic&quot;}\">\n\t\t\t\t\t\t\t<div class=\"elementor-background-overlay\"><\/div>\n\t\t\t\t\t\t\t<div class=\"elementor-container elementor-column-gap-no\">\n\t\t\t\t\t<div class=\"elementor-column elementor-col-50 elementor-top-column elementor-element elementor-element-847a738\" data-id=\"847a738\" data-element_type=\"column\" data-e-type=\"column\">\n\t\t\t<div class=\"elementor-widget-wrap\">\n\t\t\t\t\t\t\t<\/div>\n\t\t<\/div>\n\t\t\t\t<div class=\"elementor-column elementor-col-50 elementor-top-column elementor-element elementor-element-e80a179\" data-id=\"e80a179\" data-element_type=\"column\" data-e-type=\"column\">\n\t\t\t<div class=\"elementor-widget-wrap elementor-element-populated\">\n\t\t\t\t\t\t<div class=\"elementor-element elementor-element-f60e4b7 elementor-widget elementor-widget-heading\" data-id=\"f60e4b7\" data-element_type=\"widget\" data-e-type=\"widget\" data-widget_type=\"heading.default\">\n\t\t\t\t<div class=\"elementor-widget-container\">\n\t\t\t\t\t<h6 class=\"elementor-heading-title elementor-size-default\">Nos Services<\/h6>\t\t\t\t<\/div>\n\t\t\t\t<\/div>\n\t\t\t\t<div class=\"elementor-element elementor-element-45fae2b elementor-widget elementor-widget-heading\" data-id=\"45fae2b\" data-element_type=\"widget\" data-e-type=\"widget\" data-widget_type=\"heading.default\">\n\t\t\t\t<div class=\"elementor-widget-container\">\n\t\t\t\t\t<h1 class=\"elementor-heading-title elementor-size-default\">Proc\u00e9dure d'immigration<\/h1>\t\t\t\t<\/div>\n\t\t\t\t<\/div>\n\t\t\t\t<section class=\"elementor-section elementor-inner-section elementor-element elementor-element-f19ecc8 elementor-section-boxed elementor-section-height-default elementor-section-height-default wpr-particle-no wpr-jarallax-no wpr-parallax-no wpr-sticky-section-no\" data-id=\"f19ecc8\" data-element_type=\"section\" data-e-type=\"section\">\n\t\t\t\t\t\t<div class=\"elementor-container elementor-column-gap-no\">\n\t\t\t\t\t<div class=\"elementor-column elementor-col-100 elementor-inner-column elementor-element elementor-element-2b302f3\" data-id=\"2b302f3\" data-element_type=\"column\" data-e-type=\"column\">\n\t\t\t<div class=\"elementor-widget-wrap elementor-element-populated\">\n\t\t\t\t\t\t<div class=\"elementor-element elementor-element-0c757a8 elementor-widget elementor-widget-text-editor\" data-id=\"0c757a8\" data-element_type=\"widget\" data-e-type=\"widget\" data-widget_type=\"text-editor.default\">\n\t\t\t\t<div class=\"elementor-widget-container\">\n\t\t\t\t\t\t\t\t\t<p>L\u2019immigration temporaire pour les \u00e9tudes est une comp\u00e9tence (juridiction) partag\u00e9e entre les deux palliers de gouvernement : le gouvernement du Canada (au f\u00e9d\u00e9ral) et le gouvernement du Qu\u00e9bec (au provincial).<\/p><p><b>\u00c9tape 1:<\/b>\u00a0Choix d\u2019un \u00e9tablissement d\u2019enseignement<br \/>\u00c9tablissements de la r\u00e9gion de Qu\u00e9bec, selon les niveaux de formation :<\/p>\t\t\t\t\t\t\t\t<\/div>\n\t\t\t\t<\/div>\n\t\t\t\t<div class=\"elementor-element elementor-element-74cd155 elementor-icon-list--layout-traditional elementor-list-item-link-full_width elementor-widget elementor-widget-icon-list\" data-id=\"74cd155\" data-element_type=\"widget\" data-e-type=\"widget\" data-widget_type=\"icon-list.default\">\n\t\t\t\t<div class=\"elementor-widget-container\">\n\t\t\t\t\t\t\t<ul class=\"elementor-icon-list-items\">\n\t\t\t\t\t\t\t<li class=\"elementor-icon-list-item\">\n\t\t\t\t\t\t\t\t\t\t\t<a href=\"#animal\">\n\n\t\t\t\t\t\t\t\t\t\t\t\t<span class=\"elementor-icon-list-icon\">\n\t\t\t\t\t\t\t<i aria-hidden=\"true\" class=\"far fa-check-circle\"><\/i>\t\t\t\t\t\t<\/span>\n\t\t\t\t\t\t\t\t\t\t<span class=\"elementor-icon-list-text\">Formation professionnelle<\/span>\n\t\t\t\t\t\t\t\t\t\t\t<\/a>\n\t\t\t\t\t\t\t\t\t<\/li>\n\t\t\t\t\t\t\t\t<li class=\"elementor-icon-list-item\">\n\t\t\t\t\t\t\t\t\t\t\t<a href=\"#personal\">\n\n\t\t\t\t\t\t\t\t\t\t\t\t<span class=\"elementor-icon-list-icon\">\n\t\t\t\t\t\t\t<i aria-hidden=\"true\" class=\"far fa-check-circle\"><\/i>\t\t\t\t\t\t<\/span>\n\t\t\t\t\t\t\t\t\t\t<span class=\"elementor-icon-list-text\">Formation coll\u00e9giale (technique ou continue)<\/span>\n\t\t\t\t\t\t\t\t\t\t\t<\/a>\n\t\t\t\t\t\t\t\t\t<\/li>\n\t\t\t\t\t\t\t\t<li class=\"elementor-icon-list-item\">\n\t\t\t\t\t\t\t\t\t\t\t<a href=\"#personal\">\n\n\t\t\t\t\t\t\t\t\t\t\t\t<span class=\"elementor-icon-list-icon\">\n\t\t\t\t\t\t\t<i aria-hidden=\"true\" class=\"far fa-check-circle\"><\/i>\t\t\t\t\t\t<\/span>\n\t\t\t\t\t\t\t\t\t\t<span class=\"elementor-icon-list-text\">Formation universitaire<\/span>\n\t\t\t\t\t\t\t\t\t\t\t<\/a>\n\t\t\t\t\t\t\t\t\t<\/li>\n\t\t\t\t\t\t<\/ul>\n\t\t\t\t\t\t<\/div>\n\t\t\t\t<\/div>\n\t\t\t\t<div class=\"elementor-element elementor-element-199a9d5 elementor-widget elementor-widget-text-editor\" data-id=\"199a9d5\" data-element_type=\"widget\" data-e-type=\"widget\" data-widget_type=\"text-editor.default\">\n\t\t\t\t<div class=\"elementor-widget-container\">\n\t\t\t\t\t\t\t\t\t<p>Ce n\u2019est qu\u2019apr\u00e8s avoir \u00e9t\u00e9 formellement admis par l\u2019un de ces \u00e9tablissements d\u2019enseignement d\u00e9sign\u00e9s (EED) dans un programme d\u2019\u00e9tudes que vous pourrions d\u00e9buter vos d\u00e9marches d\u2019immigration.<\/p>\t\t\t\t\t\t\t\t<\/div>\n\t\t\t\t<\/div>\n\t\t\t\t\t<\/div>\n\t\t<\/div>\n\t\t\t\t\t<\/div>\n\t\t<\/section>\n\t\t\t\t\t<\/div>\n\t\t<\/div>\n\t\t\t\t\t<\/div>\n\t\t<\/section>\n\t\t\t\t<section class=\"elementor-section elementor-top-section elementor-element elementor-element-b1418d6 elementor-section-boxed elementor-section-height-default elementor-section-height-default wpr-particle-no wpr-jarallax-no wpr-parallax-no wpr-sticky-section-no\" data-id=\"b1418d6\" data-element_type=\"section\" data-e-type=\"section\" data-settings=\"{&quot;background_background&quot;:&quot;classic&quot;}\">\n\t\t\t\t\t\t<div class=\"elementor-container elementor-column-gap-no\">\n\t\t\t\t\t<div class=\"elementor-column elementor-col-100 elementor-top-column elementor-element elementor-element-44bcbef\" data-id=\"44bcbef\" data-element_type=\"column\" data-e-type=\"column\">\n\t\t\t<div class=\"elementor-widget-wrap elementor-element-populated\">\n\t\t\t\t\t\t<section class=\"elementor-section elementor-inner-section elementor-element elementor-element-5e1c395 elementor-section-boxed elementor-section-height-default elementor-section-height-default wpr-particle-no wpr-jarallax-no wpr-parallax-no wpr-sticky-section-no\" data-id=\"5e1c395\" data-element_type=\"section\" data-e-type=\"section\" data-settings=\"{&quot;background_background&quot;:&quot;classic&quot;}\">\n\t\t\t\t\t\t<div class=\"elementor-container elementor-column-gap-no\">\n\t\t\t\t\t<div class=\"elementor-column elementor-col-50 elementor-inner-column elementor-element elementor-element-50720cc\" data-id=\"50720cc\" data-element_type=\"column\" data-e-type=\"column\">\n\t\t\t<div class=\"elementor-widget-wrap elementor-element-populated\">\n\t\t\t\t\t\t<div class=\"elementor-element elementor-element-9575054 elementor-widget elementor-widget-text-editor\" data-id=\"9575054\" data-element_type=\"widget\" data-e-type=\"widget\" data-widget_type=\"text-editor.default\">\n\t\t\t\t<div class=\"elementor-widget-container\">\n\t\t\t\t\t\t\t\t\t<p class=\"mt-5\"><b>\u00c9tape 2:<\/b>\u00a0Obtenir son certificat d\u2019acceptation du Qu\u00e9bec (CAQ)<\/p><p class=\"text-justify\">\u00c0 la suite de la r\u00e9ception de la lettre d\u2019admission, vous pr\u00e9sentons une demande de certificat d\u2019acceptation du Qu\u00e9bec (CAQ) pour les \u00e9tudes aupr\u00e8s du minist\u00e8re de l\u2019Immigration, de la Francisation et de l\u2019Int\u00e9gration (MIFI).<\/p><p class=\"text-justify\">En plus de la lettre d\u2019admission dans un \u00e9tablissement d\u2019enseignement d\u00e9sign\u00e9, et un passeport valide, l\u2019approbation de la demande de s\u00e9lection temporaire d\u00e9pend de certains crit\u00e8res, notamment il faudra prouver votre capacit\u00e9 financi\u00e8re \u00e0 couvrir tous vos droits de scolarit\u00e9 (selon le devis), les co\u00fbts de transport (aller-retour depuis votre pays d\u2019origine), les frais d\u2019installation et les frais de subsistance pour votre premi\u00e8re ann\u00e9e d\u2019\u00e9tudes.<\/p>\t\t\t\t\t\t\t\t<\/div>\n\t\t\t\t<\/div>\n\t\t\t\t\t<\/div>\n\t\t<\/div>\n\t\t\t\t<div class=\"elementor-column elementor-col-50 elementor-inner-column elementor-element elementor-element-2f30c0c\" data-id=\"2f30c0c\" data-element_type=\"column\" data-e-type=\"column\">\n\t\t\t<div class=\"elementor-widget-wrap\">\n\t\t\t\t\t\t\t<\/div>\n\t\t<\/div>\n\t\t\t\t\t<\/div>\n\t\t<\/section>\n\t\t\t\t<section class=\"elementor-section elementor-inner-section elementor-element elementor-element-b7264a5 elementor-section-boxed elementor-section-height-default elementor-section-height-default wpr-particle-no wpr-jarallax-no wpr-parallax-no wpr-sticky-section-no\" data-id=\"b7264a5\" data-element_type=\"section\" data-e-type=\"section\">\n\t\t\t\t\t\t<div class=\"elementor-container elementor-column-gap-no\">\n\t\t\t\t\t<div class=\"elementor-column elementor-col-50 elementor-inner-column elementor-element elementor-element-caccbea\" data-id=\"caccbea\" data-element_type=\"column\" data-e-type=\"column\">\n\t\t\t<div class=\"elementor-widget-wrap\">\n\t\t\t\t\t\t\t<\/div>\n\t\t<\/div>\n\t\t\t\t<div class=\"elementor-column elementor-col-50 elementor-inner-column elementor-element elementor-element-cbf2adb\" data-id=\"cbf2adb\" data-element_type=\"column\" data-e-type=\"column\">\n\t\t\t<div class=\"elementor-widget-wrap elementor-element-populated\">\n\t\t\t\t\t\t<div class=\"elementor-element elementor-element-96419ff elementor-widget elementor-widget-text-editor\" data-id=\"96419ff\" data-element_type=\"widget\" data-e-type=\"widget\" data-widget_type=\"text-editor.default\">\n\t\t\t\t<div class=\"elementor-widget-container\">\n\t\t\t\t\t\t\t\t\t<p class=\"mt-5\"><b>\u00c9tape 3:<\/b>\u00a0Obtenir son permis d\u2019\u00e9tudes<\/p><p class=\"text-justify\">\u00c0 la suite d\u2019une d\u00e9cision favorable du MIFI \u00e0 la demande de s\u00e9lection temporaire (CAQ), nous faisons une demande de permis d\u2019\u00e9tudes aupr\u00e8s du gouvernement du Canada.<\/p>\t\t\t\t\t\t\t\t<\/div>\n\t\t\t\t<\/div>\n\t\t\t\t\t<\/div>\n\t\t<\/div>\n\t\t\t\t\t<\/div>\n\t\t<\/section>\n\t\t\t\t\t<\/div>\n\t\t<\/div>\n\t\t\t\t\t<\/div>\n\t\t<\/section>\n\t\t\t\t<\/div>\n\t\t","protected":false},"excerpt":{"rendered":"<p>Nos Services Proc\u00e9dure d&rsquo;immigration L\u2019immigration temporaire pour les \u00e9tudes est une comp\u00e9tence (juridiction) partag\u00e9e entre les deux palliers de gouvernement : le gouvernement du Canada (au f\u00e9d\u00e9ral) et le gouvernement du Qu\u00e9bec (au provincial). \u00c9tape 1:\u00a0Choix d\u2019un \u00e9tablissement d\u2019enseignement\u00c9tablissements de la r\u00e9gion de Qu\u00e9bec, selon les niveaux de formation : Formation professionnelle Formation coll\u00e9giale (technique ou continue) Formation universitaire Ce n\u2019est qu\u2019apr\u00e8s avoir \u00e9t\u00e9 formellement admis par l\u2019un de ces \u00e9tablissements d\u2019enseignement d\u00e9sign\u00e9s (EED) dans un programme d\u2019\u00e9tudes que vous pourrions d\u00e9buter vos d\u00e9marches d\u2019immigration. \u00c9tape 2:\u00a0Obtenir son certificat d\u2019acceptation du Qu\u00e9bec (CAQ) \u00c0 la suite de la r\u00e9ception de la lettre d\u2019admission, vous pr\u00e9sentons une demande de certificat d\u2019acceptation du Qu\u00e9bec (CAQ) pour les \u00e9tudes aupr\u00e8s du minist\u00e8re de l\u2019Immigration, de la Francisation et de l\u2019Int\u00e9gration (MIFI). En plus de la lettre d\u2019admission dans un \u00e9tablissement d\u2019enseignement d\u00e9sign\u00e9, et un passeport valide, l\u2019approbation de la demande de s\u00e9lection temporaire d\u00e9pend de certains crit\u00e8res, notamment il faudra prouver votre capacit\u00e9 financi\u00e8re \u00e0 couvrir tous vos droits de scolarit\u00e9 (selon le devis), les co\u00fbts de transport (aller-retour depuis votre pays d\u2019origine), les frais d\u2019installation et les frais de subsistance pour votre premi\u00e8re ann\u00e9e d\u2019\u00e9tudes. \u00c9tape 3:\u00a0Obtenir son permis d\u2019\u00e9tudes \u00c0 la suite d\u2019une d\u00e9cision favorable du MIFI \u00e0 la demande de s\u00e9lection temporaire (CAQ), nous faisons une demande de permis d\u2019\u00e9tudes aupr\u00e8s du gouvernement du Canada.<\/p>\n","protected":false},"author":1,"featured_media":0,"parent":442,"menu_order":0,"comment_status":"closed","ping_status":"closed","template":"","meta":{"footnotes":""},"class_list":["post-1455","page","type-page","status-publish","hentry"],"_links":{"self":[{"href":"https:\/\/jmsante.ca\/index.php\/wp-json\/wp\/v2\/pages\/1455","targetHints":{"allow":["GET"]}}],"collection":[{"href":"https:\/\/jmsante.ca\/index.php\/wp-json\/wp\/v2\/pages"}],"about":[{"href":"https:\/\/jmsante.ca\/index.php\/wp-json\/wp\/v2\/types\/page"}],"author":[{"embeddable":true,"href":"https:\/\/jmsante.ca\/index.php\/wp-json\/wp\/v2\/users\/1"}],"replies":[{"embeddable":true,"href":"https:\/\/jmsante.ca\/index.php\/wp-json\/wp\/v2\/comments?post=1455"}],"version-history":[{"count":19,"href":"https:\/\/jmsante.ca\/index.php\/wp-json\/wp\/v2\/pages\/1455\/revisions"}],"predecessor-version":[{"id":1475,"href":"https:\/\/jmsante.ca\/index.php\/wp-json\/wp\/v2\/pages\/1455\/revisions\/1475"}],"up":[{"embeddable":true,"href":"https:\/\/jmsante.ca\/index.php\/wp-json\/wp\/v2\/pages\/442"}],"wp:attachment":[{"href":"https:\/\/jmsante.ca\/index.php\/wp-json\/wp\/v2\/media?parent=1455"}],"curies":[{"name":"wp","href":"https:\/\/api.w.org\/{rel}","templated":true}]}}